{"id":2415,"date":"2017-06-15T07:15:28","date_gmt":"2017-06-15T07:15:28","guid":{"rendered":"https:\/\/www.gavias-theme.com\/wp\/indutri\/?page_id=2415"},"modified":"2025-10-18T16:42:26","modified_gmt":"2025-10-18T16:42:26","slug":"nos-chantiers","status":"publish","type":"page","link":"https:\/\/ravalementdeparis.fr\/?page_id=2415","title":{"rendered":"Nos chantiers"},"content":{"rendered":"\t\t<div data-elementor-type=\"wp-post\" data-elementor-id=\"2415\" class=\"elementor elementor-2415\">\n\t\t\t\t\t\t<section class=\"elementor-section elementor-top-section elementor-element elementor-element-5f22f8c elementor-section-boxed elementor-section-height-default elementor-section-height-default\" data-id=\"5f22f8c\" data-element_type=\"section\">\n\t\t\t\t\t\t<div class=\"elementor-container elementor-column-gap-default\">\n\t\t\t\t\t<div class=\"elementor-column elementor-col-100 elementor-top-column elementor-element elementor-element-9399eb8 top column-style-top\" data-id=\"9399eb8\" data-element_type=\"column\">\n\t\t\t<div class=\"elementor-widget-wrap elementor-element-populated\">\n\t\t\t\t\t\t<div class=\"elementor-element elementor-element-c5047e1 elementor-widget elementor-widget-gva-heading-block\" data-id=\"c5047e1\" data-element_type=\"widget\" data-widget_type=\"gva-heading-block.default\">\n\t\t\t\t<div class=\"elementor-widget-container\">\n\t\t\t\t\t<div class=\"gva-element-gva-heading-block gva-element\">   <div class=\"align-center style-1 widget gsc-heading box-align-left\">\r\n      <div class=\"content-inner\">\r\n         \r\n                  \r\n                     <div class=\"clearfix\"><div class=\"sub-title\"><span>Nos derni\u00e8res r\u00e9alisations<\/span><\/div><\/div>\r\n           \r\n         \r\n                     <h2 class=\"title\">\r\n               <span>Nos derniers chantiers<\/span>\r\n            <\/h2>\r\n                              <div class=\"title-desc\">D\u00e9couvrez quelques-unes de nos r\u00e9alisations r\u00e9centes \u00e0 Paris et en \u00cele-de-France.\nNos \u00e9quipes interviennent sur tous types de b\u00e2timents \u2014 maisons, immeubles et copropri\u00e9t\u00e9s \u2014 pour des travaux de ravalement, couverture, \u00e9tanch\u00e9it\u00e9 et peinture.\nChaque chantier est r\u00e9alis\u00e9 avec exigence, savoir-faire et respect des d\u00e9lais, afin de garantir un r\u00e9sultat durable et esth\u00e9tique.<\/div>\r\n         \r\n         \r\n      <\/div>\r\n   <\/div>\r\n   <div class=\"clearfix\"><\/div>\r\n<\/div>\t\t\t\t<\/div>\n\t\t\t\t<\/div>\n\t\t\t\t<div class=\"elementor-element elementor-element-585d632 elementor-widget elementor-widget-gva-portfolio\" data-id=\"585d632\" data-element_type=\"widget\" data-widget_type=\"gva-portfolio.default\">\n\t\t\t\t<div class=\"elementor-widget-container\">\n\t\t\t\t\t<div class=\"gva-element-gva-portfolio gva-element\">\r\n  <div class=\"gva-posts-grid clearfix grid-767x\" data-filter=\"767x\">\r\n                 <nav class=\"portfolio-filter\">\r\n          <ul class=\"nav nav-tabs\">\r\n             <li><a class=\"btn-filter all active\" href=\"javascript:void(0)\" data-filter=\"*\"><span>All<\/span><\/a><\/li>\r\n                            <li><a href=\"javascript:void(0)\" class=\"btn-filter\" data-filter=\".couverture\"><span>Couverture<\/span><\/a><\/li>\r\n                            <li><a href=\"javascript:void(0)\" class=\"btn-filter\" data-filter=\".ravalement-de-facade\"><span>Ravalement de Fa\u00e7ade<\/span><\/a><\/li>\r\n                       <\/ul> \r\n       <\/nav> \r\n        <div class=\"gva-content-items\"> \r\n      <div class=\"isotope-items view-portfolio lg-block-grid-3 md-block-grid-3 sm-block-grid-2 xs-block-grid-1 xx-block-grid-1\">\r\n        <div class=\"all ravalement-de-facade  item-columns isotope-item\">\r\n   <div class=\"portfolio-block portfolio-v1\">      \r\n      <div class=\"images\">\r\n         <a class=\"link-image-content\" href=\"https:\/\/ravalementdeparis.fr\/?portfolio=enduit-sur-paille-a-paris-15-chantier-ecologique-accompagne-par-la-mairie-de-paris-2\">\r\n            <img fetchpriority=\"high\" decoding=\"async\" width=\"1512\" height=\"2016\" src=\"https:\/\/ravalementdeparis.fr\/wp-content\/uploads\/2025\/10\/WhatsApp-Image-2025-10-30-a-21.54.38_1357c845.jpg\" class=\"attachment-oxpitan_medium size-oxpitan_medium wp-post-image\" alt=\"\" srcset=\"https:\/\/ravalementdeparis.fr\/wp-content\/uploads\/2025\/10\/WhatsApp-Image-2025-10-30-a-21.54.38_1357c845.jpg 1512w, https:\/\/ravalementdeparis.fr\/wp-content\/uploads\/2025\/10\/WhatsApp-Image-2025-10-30-a-21.54.38_1357c845-768x1024.jpg 768w\" sizes=\"(max-width: 1512px) 100vw, 1512px\" \/>         <\/a>\r\n         <a class=\"link\" href=\"https:\/\/ravalementdeparis.fr\/?portfolio=enduit-sur-paille-a-paris-15-chantier-ecologique-accompagne-par-la-mairie-de-paris-2\"><i class=\"fas fa-link\"><\/i><\/a>\r\n      <\/div>\r\n      <div class=\"portfolio-content\">\r\n         <div class=\"content-inner\">\r\n            <h3 class=\"title\"><a href=\"https:\/\/ravalementdeparis.fr\/?portfolio=enduit-sur-paille-a-paris-15-chantier-ecologique-accompagne-par-la-mairie-de-paris-2\">Fin de chantier \u2013 \u00c9cole maternelle \u00e9cologique en enduit terre-chaux (St Astier)<\/a><\/h3> \r\n            <div class=\"portfolio-meta\"><a href=\"https:\/\/ravalementdeparis.fr\/?category_portfolio=ravalement-de-facade\" title=\"View all posts in Ravalement de Fa\u00e7ade\">Ravalement de Fa\u00e7ade<\/a><\/div>\r\n         <\/div>    \r\n      <\/div>   \r\n   <\/div>\r\n<\/div>\r\n\r\n  <div class=\"all ravalement-de-facade  item-columns isotope-item\">\r\n   <div class=\"portfolio-block portfolio-v1\">      \r\n      <div class=\"images\">\r\n         <a class=\"link-image-content\" href=\"https:\/\/ravalementdeparis.fr\/?portfolio=reception-de-chantier-facade-en-pierre-haussmannienne-paris-18\">\r\n            <img decoding=\"async\" width=\"1280\" height=\"1707\" src=\"https:\/\/ravalementdeparis.fr\/wp-content\/uploads\/2025\/10\/1657055461440.jpeg\" class=\"attachment-oxpitan_medium size-oxpitan_medium wp-post-image\" alt=\"\" srcset=\"https:\/\/ravalementdeparis.fr\/wp-content\/uploads\/2025\/10\/1657055461440.jpeg 1280w, https:\/\/ravalementdeparis.fr\/wp-content\/uploads\/2025\/10\/1657055461440-768x1024.jpeg 768w\" sizes=\"(max-width: 1280px) 100vw, 1280px\" \/>         <\/a>\r\n         <a class=\"link\" href=\"https:\/\/ravalementdeparis.fr\/?portfolio=reception-de-chantier-facade-en-pierre-haussmannienne-paris-18\"><i class=\"fas fa-link\"><\/i><\/a>\r\n      <\/div>\r\n      <div class=\"portfolio-content\">\r\n         <div class=\"content-inner\">\r\n            <h3 class=\"title\"><a href=\"https:\/\/ravalementdeparis.fr\/?portfolio=reception-de-chantier-facade-en-pierre-haussmannienne-paris-18\">R\u00e9ception de chantier \u2013 Fa\u00e7ade en pierre haussmannienne \u2013 Paris 18<\/a><\/h3> \r\n            <div class=\"portfolio-meta\"><a href=\"https:\/\/ravalementdeparis.fr\/?category_portfolio=ravalement-de-facade\" title=\"View all posts in Ravalement de Fa\u00e7ade\">Ravalement de Fa\u00e7ade<\/a><\/div>\r\n         <\/div>    \r\n      <\/div>   \r\n   <\/div>\r\n<\/div>\r\n\r\n  <div class=\"all ravalement-de-facade  item-columns isotope-item\">\r\n   <div class=\"portfolio-block portfolio-v1\">      \r\n      <div class=\"images\">\r\n         <a class=\"link-image-content\" href=\"https:\/\/ravalementdeparis.fr\/?portfolio=enduit-sur-paille-a-paris-15-chantier-ecologique-accompagne-par-la-mairie-de-paris\">\r\n            <img decoding=\"async\" width=\"1512\" height=\"2016\" src=\"https:\/\/ravalementdeparis.fr\/wp-content\/uploads\/2025\/10\/WhatsApp-Image-2025-10-30-a-11.24.25_810cde1f.jpg\" class=\"attachment-oxpitan_medium size-oxpitan_medium wp-post-image\" alt=\"\" srcset=\"https:\/\/ravalementdeparis.fr\/wp-content\/uploads\/2025\/10\/WhatsApp-Image-2025-10-30-a-11.24.25_810cde1f.jpg 1512w, https:\/\/ravalementdeparis.fr\/wp-content\/uploads\/2025\/10\/WhatsApp-Image-2025-10-30-a-11.24.25_810cde1f-768x1024.jpg 768w\" sizes=\"(max-width: 1512px) 100vw, 1512px\" \/>         <\/a>\r\n         <a class=\"link\" href=\"https:\/\/ravalementdeparis.fr\/?portfolio=enduit-sur-paille-a-paris-15-chantier-ecologique-accompagne-par-la-mairie-de-paris\"><i class=\"fas fa-link\"><\/i><\/a>\r\n      <\/div>\r\n      <div class=\"portfolio-content\">\r\n         <div class=\"content-inner\">\r\n            <h3 class=\"title\"><a href=\"https:\/\/ravalementdeparis.fr\/?portfolio=enduit-sur-paille-a-paris-15-chantier-ecologique-accompagne-par-la-mairie-de-paris\">Enduit sur paille \u00e0 Paris 15 : chantier \u00e9cologique accompagn\u00e9 par la Mairie de Paris<\/a><\/h3> \r\n            <div class=\"portfolio-meta\"><a href=\"https:\/\/ravalementdeparis.fr\/?category_portfolio=ravalement-de-facade\" title=\"View all posts in Ravalement de Fa\u00e7ade\">Ravalement de Fa\u00e7ade<\/a><\/div>\r\n         <\/div>    \r\n      <\/div>   \r\n   <\/div>\r\n<\/div>\r\n\r\n  <div class=\"all ravalement-de-facade  item-columns isotope-item\">\r\n   <div class=\"portfolio-block portfolio-v1\">      \r\n      <div class=\"images\">\r\n         <a class=\"link-image-content\" href=\"https:\/\/ravalementdeparis.fr\/?portfolio=travaux-de-couverture-en-zinc-levallois-perret-hauts-de-seine-92\">\r\n            <img loading=\"lazy\" decoding=\"async\" width=\"1000\" height=\"1000\" src=\"https:\/\/ravalementdeparis.fr\/wp-content\/uploads\/2025\/10\/s.jpg\" class=\"attachment-oxpitan_medium size-oxpitan_medium wp-post-image\" alt=\"\" srcset=\"https:\/\/ravalementdeparis.fr\/wp-content\/uploads\/2025\/10\/s.jpg 1000w, https:\/\/ravalementdeparis.fr\/wp-content\/uploads\/2025\/10\/s-600x600.jpg 600w, https:\/\/ravalementdeparis.fr\/wp-content\/uploads\/2025\/10\/s-180x180.jpg 180w, https:\/\/ravalementdeparis.fr\/wp-content\/uploads\/2025\/10\/s-768x768.jpg 768w\" sizes=\"(max-width: 1000px) 100vw, 1000px\" \/>         <\/a>\r\n         <a class=\"link\" href=\"https:\/\/ravalementdeparis.fr\/?portfolio=travaux-de-couverture-en-zinc-levallois-perret-hauts-de-seine-92\"><i class=\"fas fa-link\"><\/i><\/a>\r\n      <\/div>\r\n      <div class=\"portfolio-content\">\r\n         <div class=\"content-inner\">\r\n            <h3 class=\"title\"><a href=\"https:\/\/ravalementdeparis.fr\/?portfolio=travaux-de-couverture-en-zinc-levallois-perret-hauts-de-seine-92\">Travaux de couverture en zinc \u2013 Levallois-Perret (Hauts-de-Seine, 92)<\/a><\/h3> \r\n            <div class=\"portfolio-meta\"><a href=\"https:\/\/ravalementdeparis.fr\/?category_portfolio=ravalement-de-facade\" title=\"View all posts in Ravalement de Fa\u00e7ade\">Ravalement de Fa\u00e7ade<\/a><\/div>\r\n         <\/div>    \r\n      <\/div>   \r\n   <\/div>\r\n<\/div>\r\n\r\n  <div class=\"all couverture  item-columns isotope-item\">\r\n   <div class=\"portfolio-block portfolio-v1\">      \r\n      <div class=\"images\">\r\n         <a class=\"link-image-content\" href=\"https:\/\/ravalementdeparis.fr\/?portfolio=travaux-de-couverture-rue-saint-maur-paris-10%e1%b5%89\">\r\n            <img loading=\"lazy\" decoding=\"async\" width=\"900\" height=\"506\" src=\"https:\/\/ravalementdeparis.fr\/wp-content\/uploads\/2025\/10\/aass.webp\" class=\"attachment-oxpitan_medium size-oxpitan_medium wp-post-image\" alt=\"\" srcset=\"https:\/\/ravalementdeparis.fr\/wp-content\/uploads\/2025\/10\/aass.webp 900w, https:\/\/ravalementdeparis.fr\/wp-content\/uploads\/2025\/10\/aass-768x432.webp 768w\" sizes=\"(max-width: 900px) 100vw, 900px\" \/>         <\/a>\r\n         <a class=\"link\" href=\"https:\/\/ravalementdeparis.fr\/?portfolio=travaux-de-couverture-rue-saint-maur-paris-10%e1%b5%89\"><i class=\"fas fa-link\"><\/i><\/a>\r\n      <\/div>\r\n      <div class=\"portfolio-content\">\r\n         <div class=\"content-inner\">\r\n            <h3 class=\"title\"><a href=\"https:\/\/ravalementdeparis.fr\/?portfolio=travaux-de-couverture-rue-saint-maur-paris-10%e1%b5%89\">Travaux de couverture \u2013 Rue Saint-Maur, Paris 10\u1d49<\/a><\/h3> \r\n            <div class=\"portfolio-meta\"><a href=\"https:\/\/ravalementdeparis.fr\/?category_portfolio=couverture\" title=\"View all posts in Couverture\">Couverture<\/a><\/div>\r\n         <\/div>    \r\n      <\/div>   \r\n   <\/div>\r\n<\/div>\r\n\r\n  <div class=\"all ravalement-de-facade  item-columns isotope-item\">\r\n   <div class=\"portfolio-block portfolio-v1\">      \r\n      <div class=\"images\">\r\n         <a class=\"link-image-content\" href=\"https:\/\/ravalementdeparis.fr\/?portfolio=ravalement-de-facade-rue-des-martyrs-paris-9%e1%b5%89\">\r\n            <img loading=\"lazy\" decoding=\"async\" width=\"800\" height=\"600\" src=\"https:\/\/ravalementdeparis.fr\/wp-content\/uploads\/2025\/10\/ss.webp\" class=\"attachment-oxpitan_medium size-oxpitan_medium wp-post-image\" alt=\"\" srcset=\"https:\/\/ravalementdeparis.fr\/wp-content\/uploads\/2025\/10\/ss.webp 800w, https:\/\/ravalementdeparis.fr\/wp-content\/uploads\/2025\/10\/ss-768x576.webp 768w\" sizes=\"(max-width: 800px) 100vw, 800px\" \/>         <\/a>\r\n         <a class=\"link\" href=\"https:\/\/ravalementdeparis.fr\/?portfolio=ravalement-de-facade-rue-des-martyrs-paris-9%e1%b5%89\"><i class=\"fas fa-link\"><\/i><\/a>\r\n      <\/div>\r\n      <div class=\"portfolio-content\">\r\n         <div class=\"content-inner\">\r\n            <h3 class=\"title\"><a href=\"https:\/\/ravalementdeparis.fr\/?portfolio=ravalement-de-facade-rue-des-martyrs-paris-9%e1%b5%89\">Ravalement de fa\u00e7ade \u2013 Rue des Martyrs, Paris 9\u1d49<\/a><\/h3> \r\n            <div class=\"portfolio-meta\"><a href=\"https:\/\/ravalementdeparis.fr\/?category_portfolio=ravalement-de-facade\" title=\"View all posts in Ravalement de Fa\u00e7ade\">Ravalement de Fa\u00e7ade<\/a><\/div>\r\n         <\/div>    \r\n      <\/div>   \r\n   <\/div>\r\n<\/div>\r\n\r\n        <\/div>\r\n    <\/div>\r\n            <div class=\"pagination\">\r\n            <div class=\"column one pager_wrapper\"><div class=\"pager\"><div class=\"paginations\"><a href=\"https:\/\/ravalementdeparis.fr\/index.php?rest_route=%2Fwp%2Fv2%2Fpages%2F2415\" class=\"page-item active\">1<\/a><a href=\"https:\/\/ravalementdeparis.fr\/index.php?rest_route=%2Fwp%2Fv2%2Fpages%2F2415&#038;paged=2\" class=\"page-item\">2<\/a><a class=\"next_page\" href=\"https:\/\/ravalementdeparis.fr\/index.php?rest_route=%2Fwp%2Fv2%2Fpages%2F2415&#038;paged=2\"><i class=\"fas fa-chevron-right\"><\/i><\/a><\/div><\/div><\/div>\n        <\/div>\r\n      <\/div>\r\n  <\/div>\t\t\t\t<\/div>\n\t\t\t\t<\/div>\n\t\t\t\t\t<\/div>\n\t\t<\/div>\n\t\t\t\t\t<\/div>\n\t\t<\/section>\n\t\t\t\t<\/div>\n\t\t","protected":false},"excerpt":{"rendered":"<p>Nos derni\u00e8res r\u00e9alisations Nos derniers chantiers D\u00e9couvrez quelques-unes de nos r\u00e9alisations r\u00e9centes \u00e0 Paris et en \u00cele-de-France. Nos \u00e9quipes interviennent sur tous types de b\u00e2timents \u2014 maisons, immeubles et copropri\u00e9t\u00e9s \u2014 pour des travaux de ravalement, couverture, \u00e9tanch\u00e9it\u00e9 et peinture. Chaque chantier est r\u00e9alis\u00e9 avec exigence, savoir-faire et respect des d\u00e9lais, afin de garantir un [&hellip;]<\/p>\n","protected":false},"author":1,"featured_media":0,"parent":0,"menu_order":0,"comment_status":"closed","ping_status":"closed","template":"","meta":{"footnotes":""},"class_list":["post-2415","page","type-page","status-publish","hentry"],"_links":{"self":[{"href":"https:\/\/ravalementdeparis.fr\/index.php?rest_route=\/wp\/v2\/pages\/2415","targetHints":{"allow":["GET"]}}],"collection":[{"href":"https:\/\/ravalementdeparis.fr\/index.php?rest_route=\/wp\/v2\/pages"}],"about":[{"href":"https:\/\/ravalementdeparis.fr\/index.php?rest_route=\/wp\/v2\/types\/page"}],"author":[{"embeddable":true,"href":"https:\/\/ravalementdeparis.fr\/index.php?rest_route=\/wp\/v2\/users\/1"}],"replies":[{"embeddable":true,"href":"https:\/\/ravalementdeparis.fr\/index.php?rest_route=%2Fwp%2Fv2%2Fcomments&post=2415"}],"version-history":[{"count":7,"href":"https:\/\/ravalementdeparis.fr\/index.php?rest_route=\/wp\/v2\/pages\/2415\/revisions"}],"predecessor-version":[{"id":11061,"href":"https:\/\/ravalementdeparis.fr\/index.php?rest_route=\/wp\/v2\/pages\/2415\/revisions\/11061"}],"wp:attachment":[{"href":"https:\/\/ravalementdeparis.fr\/index.php?rest_route=%2Fwp%2Fv2%2Fmedia&parent=2415"}],"curies":[{"name":"wp","href":"https:\/\/api.w.org\/{rel}","templated":true}]}}