{"id":8394,"date":"2020-05-07T06:40:48","date_gmt":"2020-05-07T06:40:48","guid":{"rendered":"https:\/\/www.gavias-theme.com\/wp\/indutri\/?page_id=8394"},"modified":"2025-10-18T16:38:48","modified_gmt":"2025-10-18T16:38:48","slug":"nos-services","status":"publish","type":"page","link":"http:\/\/ravalementdeparis.fr\/?page_id=8394","title":{"rendered":"Nos services"},"content":{"rendered":"\t\t<div data-elementor-type=\"wp-page\" data-elementor-id=\"8394\" class=\"elementor elementor-8394\">\n\t\t\t\t\t\t<section class=\"elementor-section elementor-top-section elementor-element elementor-element-bf50e4a elementor-section-boxed elementor-section-height-default elementor-section-height-default\" data-id=\"bf50e4a\" data-element_type=\"section\">\n\t\t\t\t\t\t<div class=\"elementor-container elementor-column-gap-default\">\n\t\t\t\t\t<div class=\"elementor-column elementor-col-100 elementor-top-column elementor-element elementor-element-a2d7d0e top column-style-top\" data-id=\"a2d7d0e\" data-element_type=\"column\">\n\t\t\t<div class=\"elementor-widget-wrap elementor-element-populated\">\n\t\t\t\t\t\t<div class=\"elementor-element elementor-element-27752d4 elementor-widget elementor-widget-gva-heading-block\" data-id=\"27752d4\" data-element_type=\"widget\" data-widget_type=\"gva-heading-block.default\">\n\t\t\t\t<div class=\"elementor-widget-container\">\n\t\t\t\t\t<div class=\"gva-element-gva-heading-block gva-element\">   <div class=\"align-center style-1 widget gsc-heading box-align-left\">\r\n      <div class=\"content-inner\">\r\n         \r\n                  \r\n                     <div class=\"clearfix\"><div class=\"sub-title\"><span>D\u00e9couvrez nos services<\/span><\/div><\/div>\r\n           \r\n         \r\n                     <h2 class=\"title\">\r\n               <span>Nos services<\/span>\r\n            <\/h2>\r\n                  \r\n         \r\n      <\/div>\r\n   <\/div>\r\n   <div class=\"clearfix\"><\/div>\r\n<\/div>\t\t\t\t<\/div>\n\t\t\t\t<\/div>\n\t\t\t\t<div class=\"elementor-element elementor-element-232d9c7 elementor-widget elementor-widget-gva-services\" data-id=\"232d9c7\" data-element_type=\"widget\" data-widget_type=\"gva-services.default\">\n\t\t\t\t<div class=\"elementor-widget-container\">\n\t\t\t\t\t<div class=\"gva-element-gva-services gva-element\">  \r\n  <div class=\"gva-services-grid clearfix gva-services\">\r\n      <div class=\"gva-content-items\"> \r\n        <div class=\"lg-block-grid-3 md-block-grid-3 sm-block-grid-2 xs-block-grid-1 xx-block-grid-1\">\r\n          <div class=\"item-columns\"><div class=\"item\">\n   <div class=\"service-item-v2\">     \n      \n      <div class=\"service-image\">\n         <img fetchpriority=\"high\" decoding=\"async\" width=\"600\" height=\"600\" src=\"http:\/\/ravalementdeparis.fr\/wp-content\/uploads\/2025\/10\/jj-600x600.jpg\" class=\"attachment-medium size-medium wp-post-image\" alt=\"\" srcset=\"http:\/\/ravalementdeparis.fr\/wp-content\/uploads\/2025\/10\/jj-600x600.jpg 600w, http:\/\/ravalementdeparis.fr\/wp-content\/uploads\/2025\/10\/jj-180x180.jpg 180w\" sizes=\"(max-width: 600px) 100vw, 600px\" \/>               <\/div>   \n\n      <div class=\"service-content\">\n         <div class=\"content-inner\">\n            <h3 class=\"title\">\n               <a href=\"http:\/\/ravalementdeparis.fr\/?service=pose-denduits-et-les-techniques-utilisees\">Pose d&rsquo;enduits et les techniques utilis\u00e9es<\/a>\n            <\/h3>\n            <div class=\"desc\">Un proc\u00e9d\u00e9 durable, naturel et performant\r\nL\u2019enduit sur paille est une \u00e9tape essentielle dans la construction<\/div> \n            <div class=\"readmore\">\n               <a class=\"btn-inline\" href=\"http:\/\/ravalementdeparis.fr\/?service=pose-denduits-et-les-techniques-utilisees\"><span>En savoir plus<\/span><\/a>\n            <\/div>\n         <\/div>    \n      <\/div>\n   <\/div>\n<\/div><\/div><div class=\"item-columns\"><div class=\"item\">\n   <div class=\"service-item-v2\">     \n      \n      <div class=\"service-image\">\n         <img decoding=\"async\" width=\"600\" height=\"600\" src=\"http:\/\/ravalementdeparis.fr\/wp-content\/uploads\/2018\/01\/resized_ddqq-600x600.jpg\" class=\"attachment-medium size-medium wp-post-image\" alt=\"\" srcset=\"http:\/\/ravalementdeparis.fr\/wp-content\/uploads\/2018\/01\/resized_ddqq-600x600.jpg 600w, http:\/\/ravalementdeparis.fr\/wp-content\/uploads\/2018\/01\/resized_ddqq-180x180.jpg 180w\" sizes=\"(max-width: 600px) 100vw, 600px\" \/>               <\/div>   \n\n      <div class=\"service-content\">\n         <div class=\"content-inner\">\n            <h3 class=\"title\">\n               <a href=\"http:\/\/ravalementdeparis.fr\/?service=etancheite\">Etancheit\u00e9<\/a>\n            <\/h3>\n            <div class=\"desc\">L\u2019\u00e9tanch\u00e9it\u00e9 est un \u00e9l\u00e9ment essentiel pour garantir la p\u00e9rennit\u00e9 du b\u00e2ti et le confort int\u00e9rieur.\r\nAvant<\/div> \n            <div class=\"readmore\">\n               <a class=\"btn-inline\" href=\"http:\/\/ravalementdeparis.fr\/?service=etancheite\"><span>En savoir plus<\/span><\/a>\n            <\/div>\n         <\/div>    \n      <\/div>\n   <\/div>\n<\/div><\/div><div class=\"item-columns\"><div class=\"item\">\n   <div class=\"service-item-v2\">     \n      \n      <div class=\"service-image\">\n         <img decoding=\"async\" width=\"600\" height=\"600\" src=\"http:\/\/ravalementdeparis.fr\/wp-content\/uploads\/2018\/01\/resized_ddddd-600x600.jpg\" class=\"attachment-medium size-medium wp-post-image\" alt=\"\" srcset=\"http:\/\/ravalementdeparis.fr\/wp-content\/uploads\/2018\/01\/resized_ddddd-600x600.jpg 600w, http:\/\/ravalementdeparis.fr\/wp-content\/uploads\/2018\/01\/resized_ddddd-180x180.jpg 180w\" sizes=\"(max-width: 600px) 100vw, 600px\" \/>               <\/div>   \n\n      <div class=\"service-content\">\n         <div class=\"content-inner\">\n            <h3 class=\"title\">\n               <a href=\"http:\/\/ravalementdeparis.fr\/?service=peinture-interieur-et-exterieur\">Peinture int\u00e9rieur et ext\u00e9rieur<\/a>\n            <\/h3>\n            <div class=\"desc\">Avant chaque intervention, nous analysons l\u2019\u00e9tat des supports : murs, plafonds, boiseries, fa\u00e7ades ou menuiseries.\r\nNous<\/div> \n            <div class=\"readmore\">\n               <a class=\"btn-inline\" href=\"http:\/\/ravalementdeparis.fr\/?service=peinture-interieur-et-exterieur\"><span>En savoir plus<\/span><\/a>\n            <\/div>\n         <\/div>    \n      <\/div>\n   <\/div>\n<\/div><\/div><div class=\"item-columns\"><div class=\"item\">\n   <div class=\"service-item-v2\">     \n      \n      <div class=\"service-image\">\n         <img loading=\"lazy\" decoding=\"async\" width=\"600\" height=\"600\" src=\"http:\/\/ravalementdeparis.fr\/wp-content\/uploads\/2025\/10\/resized_RC_Paris-11_Bd-Voltaire_2-Facade-600x600.png\" class=\"attachment-medium size-medium wp-post-image\" alt=\"\" srcset=\"http:\/\/ravalementdeparis.fr\/wp-content\/uploads\/2025\/10\/resized_RC_Paris-11_Bd-Voltaire_2-Facade-600x600.png 600w, http:\/\/ravalementdeparis.fr\/wp-content\/uploads\/2025\/10\/resized_RC_Paris-11_Bd-Voltaire_2-Facade-180x180.png 180w\" sizes=\"(max-width: 600px) 100vw, 600px\" \/>               <\/div>   \n\n      <div class=\"service-content\">\n         <div class=\"content-inner\">\n            <h3 class=\"title\">\n               <a href=\"http:\/\/ravalementdeparis.fr\/?service=ravalement-de-facade-2\">Ravalement de fa\u00e7ade<\/a>\n            <\/h3>\n            <div class=\"desc\">Le ravalement de fa\u00e7ade ne se limite pas \u00e0 un simple rafra\u00eechissement esth\u00e9tique \u2014 c\u2019est<\/div> \n            <div class=\"readmore\">\n               <a class=\"btn-inline\" href=\"http:\/\/ravalementdeparis.fr\/?service=ravalement-de-facade-2\"><span>En savoir plus<\/span><\/a>\n            <\/div>\n         <\/div>    \n      <\/div>\n   <\/div>\n<\/div><\/div><div class=\"item-columns\"><div class=\"item\">\n   <div class=\"service-item-v2\">     \n      \n      <div class=\"service-image\">\n         <img loading=\"lazy\" decoding=\"async\" width=\"600\" height=\"600\" src=\"http:\/\/ravalementdeparis.fr\/wp-content\/uploads\/2018\/01\/resized_s-1-600x600.jpg\" class=\"attachment-medium size-medium wp-post-image\" alt=\"\" srcset=\"http:\/\/ravalementdeparis.fr\/wp-content\/uploads\/2018\/01\/resized_s-1-600x600.jpg 600w, http:\/\/ravalementdeparis.fr\/wp-content\/uploads\/2018\/01\/resized_s-1-180x180.jpg 180w\" sizes=\"(max-width: 600px) 100vw, 600px\" \/>               <\/div>   \n\n      <div class=\"service-content\">\n         <div class=\"content-inner\">\n            <h3 class=\"title\">\n               <a href=\"http:\/\/ravalementdeparis.fr\/?service=couverture\">Couverture<\/a>\n            <\/h3>\n            <div class=\"desc\">La couverture joue un r\u00f4le essentiel dans la protection et la performance \u00e9nerg\u00e9tique d\u2019un b\u00e2timent.\r\nAvant<\/div> \n            <div class=\"readmore\">\n               <a class=\"btn-inline\" href=\"http:\/\/ravalementdeparis.fr\/?service=couverture\"><span>En savoir plus<\/span><\/a>\n            <\/div>\n         <\/div>    \n      <\/div>\n   <\/div>\n<\/div><\/div>        <\/div>\r\n      <\/div>\r\n                <div class=\"pagination\">\r\n                        <\/div>\r\n        <\/div>\r\n  <\/div>\t\t\t\t<\/div>\n\t\t\t\t<\/div>\n\t\t\t\t\t<\/div>\n\t\t<\/div>\n\t\t\t\t\t<\/div>\n\t\t<\/section>\n\t\t\t\t<\/div>\n\t\t","protected":false},"excerpt":{"rendered":"<p>D\u00e9couvrez nos services Nos services Etancheit\u00e9 L\u2019\u00e9tanch\u00e9it\u00e9 est un \u00e9l\u00e9ment essentiel pour garantir la p\u00e9rennit\u00e9 du b\u00e2ti et le confort int\u00e9rieur. Avant Read More Peinture int\u00e9rieur et ext\u00e9rieur Avant chaque intervention, nous analysons l\u2019\u00e9tat des supports : murs, plafonds, boiseries, fa\u00e7ades ou menuiseries. Nous Read More Ravalement de fa\u00e7ade Le ravalement de fa\u00e7ade ne se [&hellip;]<\/p>\n","protected":false},"author":1,"featured_media":0,"parent":0,"menu_order":0,"comment_status":"closed","ping_status":"closed","template":"","meta":{"footnotes":""},"class_list":["post-8394","page","type-page","status-publish","hentry"],"_links":{"self":[{"href":"http:\/\/ravalementdeparis.fr\/index.php?rest_route=\/wp\/v2\/pages\/8394","targetHints":{"allow":["GET"]}}],"collection":[{"href":"http:\/\/ravalementdeparis.fr\/index.php?rest_route=\/wp\/v2\/pages"}],"about":[{"href":"http:\/\/ravalementdeparis.fr\/index.php?rest_route=\/wp\/v2\/types\/page"}],"author":[{"embeddable":true,"href":"http:\/\/ravalementdeparis.fr\/index.php?rest_route=\/wp\/v2\/users\/1"}],"replies":[{"embeddable":true,"href":"http:\/\/ravalementdeparis.fr\/index.php?rest_route=%2Fwp%2Fv2%2Fcomments&post=8394"}],"version-history":[{"count":7,"href":"http:\/\/ravalementdeparis.fr\/index.php?rest_route=\/wp\/v2\/pages\/8394\/revisions"}],"predecessor-version":[{"id":11055,"href":"http:\/\/ravalementdeparis.fr\/index.php?rest_route=\/wp\/v2\/pages\/8394\/revisions\/11055"}],"wp:attachment":[{"href":"http:\/\/ravalementdeparis.fr\/index.php?rest_route=%2Fwp%2Fv2%2Fmedia&parent=8394"}],"curies":[{"name":"wp","href":"https:\/\/api.w.org\/{rel}","templated":true}]}}