{"id":506,"date":"2016-03-04T02:30:30","date_gmt":"2016-03-04T02:30:30","guid":{"rendered":"https:\/\/www.gavias-theme.com\/wp\/indutri\/?page_id=506"},"modified":"2025-10-18T17:31:22","modified_gmt":"2025-10-18T17:31:22","slug":"actualites","status":"publish","type":"page","link":"http:\/\/ravalementdeparis.fr\/?page_id=506","title":{"rendered":"Actualit\u00e9s"},"content":{"rendered":"\t\t<div data-elementor-type=\"wp-post\" data-elementor-id=\"506\" class=\"elementor elementor-506\">\n\t\t\t\t\t\t<section class=\"elementor-section elementor-top-section elementor-element elementor-element-4d2980f elementor-section-boxed elementor-section-height-default elementor-section-height-default\" data-id=\"4d2980f\" data-element_type=\"section\">\n\t\t\t\t\t\t<div class=\"elementor-container elementor-column-gap-default\">\n\t\t\t\t\t<div class=\"elementor-column elementor-col-100 elementor-top-column elementor-element elementor-element-cc38b96 top column-style-top\" data-id=\"cc38b96\" data-element_type=\"column\">\n\t\t\t<div class=\"elementor-widget-wrap elementor-element-populated\">\n\t\t\t\t\t\t<div class=\"elementor-element elementor-element-c44d968 elementor-widget elementor-widget-gva-posts\" data-id=\"c44d968\" data-element_type=\"widget\" data-widget_type=\"gva-posts.default\">\n\t\t\t\t<div class=\"elementor-widget-container\">\n\t\t\t\t\t<div class=\"gva-element-gva-posts gva-element\">  \r\n  <div class=\"gva-posts-grid clearfix gva-posts\">\r\n      <div class=\"gva-content-items\"> \r\n        <div class=\"lg-block-grid-3 md-block-grid-2 sm-block-grid-2 xs-block-grid-1 xx-block-grid-1\">\r\n          \r\n<div class=\"all etancheite peinture-exterieur-et-interieur  item-columns\">\r\n   <article id=\"post-252\" class=\"post-252 post type-post status-publish format-standard has-post-thumbnail hentry category-etancheite category-peinture-exterieur-et-interieur\">\r\n      <div class=\"post-block post-style-1\">\r\n         <div class=\"post-thumbnail\">\r\n            <a href=\"http:\/\/ravalementdeparis.fr\/?p=252\">\r\n               <img fetchpriority=\"high\" decoding=\"async\" width=\"225\" height=\"225\" src=\"http:\/\/ravalementdeparis.fr\/wp-content\/uploads\/2016\/01\/telechargement.png\" class=\"attachment-post-thumbnail size-post-thumbnail wp-post-image\" alt=\"La certification Qualibat : un gage de qualit\u00e9 et de confiance\" srcset=\"http:\/\/ravalementdeparis.fr\/wp-content\/uploads\/2016\/01\/telechargement.png 225w, http:\/\/ravalementdeparis.fr\/wp-content\/uploads\/2016\/01\/telechargement-180x180.png 180w\" sizes=\"(max-width: 225px) 100vw, 225px\" \/>            <\/a>   \r\n         <\/div>   \r\n\r\n         <div class=\"entry-content\">\r\n            <div class=\"content-inner\">\r\n               <div class=\"entry-meta\">\r\n                  \r\n    <div class=\"meta-inline\"><span class=\"entry-date\">janvier 3, 2025<\/span><span class=\"line\">-<\/span><span class=\"post-comment\">0 comments<\/span><\/div>               <\/div> \r\n               <h2 class=\"entry-title\"><a href=\"http:\/\/ravalementdeparis.fr\/?p=252\" rel=\"bookmark\">La certification Qualibat : un gage de qualit\u00e9 et de confiance<\/a><\/h2>\r\n            <\/div>\r\n         <\/div>\r\n      <\/div>   \r\n   <\/article>   \r\n<\/div>\r\n\r\n  \r\n<div class=\"all peinture-exterieur-et-interieur  item-columns\">\r\n   <article id=\"post-242\" class=\"post-242 post type-post status-publish format-standard has-post-thumbnail hentry category-peinture-exterieur-et-interieur\">\r\n      <div class=\"post-block post-style-1\">\r\n         <div class=\"post-thumbnail\">\r\n            <a href=\"http:\/\/ravalementdeparis.fr\/?p=242\">\r\n               <img decoding=\"async\" width=\"412\" height=\"260\" src=\"http:\/\/ravalementdeparis.fr\/wp-content\/uploads\/2016\/01\/Capture-decran-2025-10-11-205205.png\" class=\"attachment-post-thumbnail size-post-thumbnail wp-post-image\" alt=\"La certification RGE : un label de confiance pour vos travaux\" \/>            <\/a>   \r\n         <\/div>   \r\n\r\n         <div class=\"entry-content\">\r\n            <div class=\"content-inner\">\r\n               <div class=\"entry-meta\">\r\n                  \r\n    <div class=\"meta-inline\"><span class=\"entry-date\">janvier 9, 2025<\/span><span class=\"line\">-<\/span><span class=\"post-comment\">0 comments<\/span><\/div>               <\/div> \r\n               <h2 class=\"entry-title\"><a href=\"http:\/\/ravalementdeparis.fr\/?p=242\" rel=\"bookmark\">La certification RGE : un label de confiance pour vos travaux<\/a><\/h2>\r\n            <\/div>\r\n         <\/div>\r\n      <\/div>   \r\n   <\/article>   \r\n<\/div>\r\n\r\n  \r\n<div class=\"all peinture-exterieur-et-interieur ravalement-de-facade  item-columns\">\r\n   <article id=\"post-257\" class=\"post-257 post type-post status-publish format-gallery has-post-thumbnail hentry category-peinture-exterieur-et-interieur category-ravalement-de-facade post_format-post-format-gallery\">\r\n      <div class=\"post-block post-style-1\">\r\n         <div class=\"post-thumbnail\">\r\n            <a href=\"http:\/\/ravalementdeparis.fr\/?p=257\">\r\n               <img decoding=\"async\" width=\"600\" height=\"455\" src=\"http:\/\/ravalementdeparis.fr\/wp-content\/uploads\/2017\/05\/rr-600x455.png\" class=\"attachment-post-thumbnail size-post-thumbnail wp-post-image\" alt=\"Notre savoir-faire \u00e0 l\u2019\u0153uvre\" \/>            <\/a>   \r\n         <\/div>   \r\n\r\n         <div class=\"entry-content\">\r\n            <div class=\"content-inner\">\r\n               <div class=\"entry-meta\">\r\n                  \r\n    <div class=\"meta-inline\"><span class=\"entry-date\">janvier 3, 2016<\/span><span class=\"line\">-<\/span><span class=\"post-comment\">1 comment<\/span><\/div>               <\/div> \r\n               <h2 class=\"entry-title\"><a href=\"http:\/\/ravalementdeparis.fr\/?p=257\" rel=\"bookmark\">Notre savoir-faire \u00e0 l\u2019\u0153uvre<\/a><\/h2>\r\n            <\/div>\r\n         <\/div>\r\n      <\/div>   \r\n   <\/article>   \r\n<\/div>\r\n\r\n  \r\n<div class=\"all couverture etancheite  item-columns\">\r\n   <article id=\"post-254\" class=\"post-254 post type-post status-publish format-video has-post-thumbnail hentry category-couverture category-etancheite post_format-post-format-video\">\r\n      <div class=\"post-block post-style-1\">\r\n         <div class=\"post-thumbnail\">\r\n            <a href=\"http:\/\/ravalementdeparis.fr\/?p=254\">\r\n               <img loading=\"lazy\" decoding=\"async\" width=\"600\" height=\"455\" src=\"http:\/\/ravalementdeparis.fr\/wp-content\/uploads\/2025\/10\/gssg-600x455.jpg\" class=\"attachment-post-thumbnail size-post-thumbnail wp-post-image\" alt=\"Pourquoi le ravalement de fa\u00e7ade est essentiel pour la sant\u00e9 de votre b\u00e2timent\" \/>            <\/a>   \r\n         <\/div>   \r\n\r\n         <div class=\"entry-content\">\r\n            <div class=\"content-inner\">\r\n               <div class=\"entry-meta\">\r\n                  \r\n    <div class=\"meta-inline\"><span class=\"entry-date\">janvier 3, 2016<\/span><span class=\"line\">-<\/span><span class=\"post-comment\">0 comments<\/span><\/div>               <\/div> \r\n               <h2 class=\"entry-title\"><a href=\"http:\/\/ravalementdeparis.fr\/?p=254\" rel=\"bookmark\">Pourquoi le ravalement de fa\u00e7ade est essentiel pour la sant\u00e9 de votre b\u00e2timent<\/a><\/h2>\r\n            <\/div>\r\n         <\/div>\r\n      <\/div>   \r\n   <\/article>   \r\n<\/div>\r\n\r\n  \r\n<div class=\"all uncategorized  item-columns\">\r\n   <article id=\"post-1\" class=\"post-1 post type-post status-publish format-standard has-post-thumbnail hentry category-uncategorized\">\r\n      <div class=\"post-block post-style-1\">\r\n         <div class=\"post-thumbnail\">\r\n            <a href=\"http:\/\/ravalementdeparis.fr\/?p=1\">\r\n               <img loading=\"lazy\" decoding=\"async\" width=\"600\" height=\"455\" src=\"http:\/\/ravalementdeparis.fr\/wp-content\/uploads\/2025\/10\/resized_RC_Paris-11_Bd-Voltaire_2-Facade-600x455.png\" class=\"attachment-post-thumbnail size-post-thumbnail wp-post-image\" alt=\"Redonnez vie \u00e0 vos fa\u00e7ades !\" \/>            <\/a>   \r\n         <\/div>   \r\n\r\n         <div class=\"entry-content\">\r\n            <div class=\"content-inner\">\r\n               <div class=\"entry-meta\">\r\n                  \r\n    <div class=\"meta-inline\"><span class=\"entry-date\">octobre 1, 2025<\/span><span class=\"line\">-<\/span><span class=\"post-comment\">1 comment<\/span><\/div>               <\/div> \r\n               <h2 class=\"entry-title\"><a href=\"http:\/\/ravalementdeparis.fr\/?p=1\" rel=\"bookmark\">Redonnez vie \u00e0 vos fa\u00e7ades !<\/a><\/h2>\r\n            <\/div>\r\n         <\/div>\r\n      <\/div>   \r\n   <\/article>   \r\n<\/div>\r\n\r\n          <\/div>\r\n      <\/div>\r\n                <div class=\"pagination\">\r\n                        <\/div>\r\n        <\/div>\r\n  <\/div>\t\t\t\t<\/div>\n\t\t\t\t<\/div>\n\t\t\t\t\t<\/div>\n\t\t<\/div>\n\t\t\t\t\t<\/div>\n\t\t<\/section>\n\t\t\t\t<\/div>\n\t\t","protected":false},"excerpt":{"rendered":"<p>January 3, 2025-0 comments La certification Qualibat : un gage de qualit\u00e9 et de confiance January 9, 2025-0 comments La certification RGE : un label de confiance pour vos travaux January 3, 2016-1 comment Notre savoir-faire \u00e0 l\u2019\u0153uvre January 3, 2016-0 comments Pourquoi le ravalement de fa\u00e7ade est essentiel pour la sant\u00e9 de votre b\u00e2timent [&hellip;]<\/p>\n","protected":false},"author":1,"featured_media":0,"parent":0,"menu_order":0,"comment_status":"closed","ping_status":"closed","template":"","meta":{"footnotes":""},"class_list":["post-506","page","type-page","status-publish","hentry"],"_links":{"self":[{"href":"http:\/\/ravalementdeparis.fr\/index.php?rest_route=\/wp\/v2\/pages\/506","targetHints":{"allow":["GET"]}}],"collection":[{"href":"http:\/\/ravalementdeparis.fr\/index.php?rest_route=\/wp\/v2\/pages"}],"about":[{"href":"http:\/\/ravalementdeparis.fr\/index.php?rest_route=\/wp\/v2\/types\/page"}],"author":[{"embeddable":true,"href":"http:\/\/ravalementdeparis.fr\/index.php?rest_route=\/wp\/v2\/users\/1"}],"replies":[{"embeddable":true,"href":"http:\/\/ravalementdeparis.fr\/index.php?rest_route=%2Fwp%2Fv2%2Fcomments&post=506"}],"version-history":[{"count":8,"href":"http:\/\/ravalementdeparis.fr\/index.php?rest_route=\/wp\/v2\/pages\/506\/revisions"}],"predecessor-version":[{"id":11116,"href":"http:\/\/ravalementdeparis.fr\/index.php?rest_route=\/wp\/v2\/pages\/506\/revisions\/11116"}],"wp:attachment":[{"href":"http:\/\/ravalementdeparis.fr\/index.php?rest_route=%2Fwp%2Fv2%2Fmedia&parent=506"}],"curies":[{"name":"wp","href":"https:\/\/api.w.org\/{rel}","templated":true}]}}